{"id":26,"date":"2026-03-07T10:48:46","date_gmt":"2026-03-07T10:48:46","guid":{"rendered":"http:\/\/hexatcg.fr\/?page_id=26"},"modified":"2026-03-08T15:50:39","modified_gmt":"2026-03-08T15:50:39","slug":"qui-sommes-nous","status":"publish","type":"page","link":"https:\/\/hexatcg.fr\/?page_id=26","title":{"rendered":"Qui Sommes Nous"},"content":{"rendered":"<!DOCTYPE html>\r\n<html lang=\"fr\">\r\n<head>\r\n<meta charset=\"UTF-8\">\r\n<title>HexaTCG - Qui sommes nous<\/title>\r\n\r\n<style>\r\n\/* cacher le titre WordPress *\/\r\nh1:not(#hexatcg-title){\r\n    display:none;\r\n}\r\n\r\n#hexatcg-page .entry-title, \r\n#hexatcg-page .page-header{\r\n    display:none;\r\n}\r\n\r\nbody{\r\n    margin:0;\r\n    font-family: Arial, Helvetica, sans-serif;\r\n    background:#f0f0f0; \/* fond neutre *\/\r\n    text-align:center;\r\n    position:relative;\r\n    overflow-x:hidden;\r\n}\r\n\r\n\/* Fond Dracaufeu *\/\r\nbody::before {\r\n    content:\"\";\r\n    background-image: url('https:\/\/hexatcg.fr\/wp-content\/uploads\/2026\/03\/Dracaufeu.png');\r\n    background-size: cover;\r\n    background-position: center bottom;\r\n    opacity: 0.1; \/* subtil *\/\r\n    position: fixed;\r\n    top:0;\r\n    left:0;\r\n    width:100%;\r\n    height:100%;\r\n    z-index:0;\r\n}\r\n\r\n\/* HEADER *\/\r\nheader{\r\n    padding:60px 20px;\r\n    background:#fae628; \/* jaune *\/\r\n    color:#111;\r\n    display:flex;\r\n    flex-direction:column;\r\n    align-items:center;\r\n    justify-content:center;\r\n    position:relative;\r\n    z-index:1;\r\n    box-shadow:0 5px 20px rgba(0,0,0,0.2);\r\n    border-bottom-left-radius:20px;\r\n    border-bottom-right-radius:20px;\r\n}\r\n\r\n\/* Carte anim\u00e9e *\/\r\n#hexatcg-card{\r\n    width:200px; \r\n    border-radius:12px;\r\n    box-shadow:0 10px 25px rgba(0,0,0,0.3);\r\n    margin-bottom:20px;\r\n    animation: cardSpin 5s linear infinite;\r\n}\r\n\r\n@keyframes cardSpin {\r\n    0% { transform: rotateY(0deg); }\r\n    50% { transform: rotateY(180deg); }\r\n    100% { transform: rotateY(360deg); }\r\n}\r\n\r\n#hexatcg-title{\r\n    font-size:60px;\r\n    color:#111;\r\n    margin:0;\r\n    text-shadow: 2px 2px 4px rgba(0,0,0,0.2);\r\n}\r\n\r\n.subtitle{\r\n    font-size:22px;\r\n    color:#222;\r\n    margin-top:10px;\r\n}\r\n\r\n\/* CONTAINER *\/\r\n.container{\r\n    max-width:1100px;\r\n    margin:auto;\r\n    padding:60px 20px;\r\n    position:relative;\r\n    z-index:1;\r\n}\r\n\r\n\/* SECTION PRESENTATION *\/\r\n.about{\r\n    background:white;\r\n    padding:60px 30px;\r\n    border-radius:15px;\r\n    box-shadow:0 10px 25px rgba(0,0,0,0.1);\r\n    transition: transform 0.3s;\r\n    margin-bottom:50px;\r\n}\r\n\r\n.about:hover{\r\n    transform: translateY(-5px);\r\n}\r\n\r\n\/* CARDS *\/\r\n.cards{\r\n    display:flex;\r\n    justify-content:center;\r\n    gap:40px;\r\n    flex-wrap:wrap;\r\n    margin-top:50px;\r\n}\r\n\r\n.card{\r\n    background:white;\r\n    border-radius:15px;\r\n    padding:25px;\r\n    width:260px;\r\n    transition: transform 0.5s, box-shadow 0.5s;\r\n    box-shadow:0 10px 25px rgba(0,0,0,0.15);\r\n    cursor:pointer;\r\n    position:relative;\r\n    z-index:1;\r\n}\r\n\r\n.card:hover{\r\n    transform: translateY(-15px) rotateZ(3deg) scale(1.07);\r\n    box-shadow:0 20px 40px rgba(0,0,0,0.3);\r\n}\r\n\r\n.card img{\r\n    width:180px;\r\n    transition: transform 0.5s;\r\n}\r\n\r\n.card:hover img{\r\n    transform: scale(1.1) rotate(-5deg);\r\n}\r\n\r\n\/* FEATURES *\/\r\n.features{\r\n    margin-top:70px;\r\n    font-weight:bold;\r\n}\r\n\r\n.feature{\r\n    font-size:20px;\r\n    margin:15px;\r\n}\r\n\r\n\/* FOOTER *\/\r\nfooter{\r\n    margin-top:80px;\r\n    padding:40px;\r\n    background:#111;\r\n    color:white;\r\n    position:relative;\r\n    z-index:1;\r\n}\r\n<\/style>\r\n<\/head>\r\n\r\n<body id=\"hexatcg-page\">\r\n\r\n<header>\r\n    <!-- Carte anim\u00e9e -->\r\n    <img decoding=\"async\" id=\"hexatcg-card\" src=\"https:\/\/hexatcg.fr\/wp-content\/uploads\/2026\/03\/cartePikachu.png\" alt=\"Carte HexaTCG\">\r\n    \r\n    <h1 id=\"hexatcg-title\">HexaTCG<\/h1>\r\n    <p class=\"subtitle\">\r\n        Votre boutique d\u00e9di\u00e9e aux passionn\u00e9s de cartes \u00e0 collectionner\r\n    <\/p>\r\n<\/header>\r\n\r\n<div class=\"container\">\r\n\r\n<div class=\"about\">\r\n<h2>\ud83c\udfb4 Qui Sommes Nous<\/h2>\r\n<p style=\"max-width:700px;margin:auto;font-size:18px;line-height:1.6;\">\r\nBienvenue chez <strong>HexaTCG<\/strong>, votre boutique d\u00e9di\u00e9e aux passionn\u00e9s de cartes \u00e0 collectionner.\r\n<br><br>\r\nRetrouvez une s\u00e9lection de boosters, cartes rares et collections inspir\u00e9es des univers populaires.\r\n<br><br>\r\n\u26a1 Pok\u00e9mon \u2022 \ud83c\udf65 Naruto \u2022 \ud83c\udff4\u200d\u2620\ufe0f One Piece\r\n<br><br>\r\nQue vous soyez collectionneur ou joueur, notre objectif est de vous proposer des cartes de qualit\u00e9 avec un envoi rapide et soign\u00e9.\r\n<\/p>\r\n<\/div>\r\n\r\n<div class=\"cards\">\r\n<div class=\"card\">\r\n<img decoding=\"async\" src=\"http:\/\/hexatcg.fr\/wp-content\/uploads\/2026\/03\/Pikachu-scaled.png\" alt=\"Pok\u00e9mon\">\r\n<h3>\u26a1 Pok\u00e9mon<\/h3>\r\n<p>Cartes rares, boosters et collections Pok\u00e9mon.<\/p>\r\n<\/div>\r\n\r\n<div class=\"card\">\r\n<img decoding=\"async\" src=\"http:\/\/hexatcg.fr\/wp-content\/uploads\/2026\/03\/Naruto.png\" alt=\"Naruto\">\r\n<h3>\ud83c\udf65 Naruto<\/h3>\r\n<p>Cartes inspir\u00e9es de l'univers ninja.<\/p>\r\n<\/div>\r\n\r\n<div class=\"card\">\r\n<img decoding=\"async\" src=\"http:\/\/hexatcg.fr\/wp-content\/uploads\/2026\/03\/Luffy-scaled.png\" alt=\"One Piece\">\r\n<h3>\ud83c\udff4\u200d\u2620\ufe0f One Piece<\/h3>\r\n<p>Les cartes du monde des pirates.<\/p>\r\n<\/div>\r\n<\/div>\r\n\r\n<div class=\"features\">\r\n<div class=\"feature\">\ud83d\udce6 Exp\u00e9dition rapide<\/div>\r\n<div class=\"feature\">\ud83d\udc8e Cartes rares et exclusives<\/div>\r\n<div class=\"feature\">\ud83d\udcac Service client disponible en message priv\u00e9<\/div>\r\n<\/div>\r\n\r\n<\/div>\r\n\r\n\r\n<\/body>\r\n<\/html>\n","protected":false},"excerpt":{"rendered":"","protected":false},"author":1,"featured_media":0,"parent":0,"menu_order":0,"comment_status":"closed","ping_status":"closed","template":"","meta":{"footnotes":""},"class_list":["post-26","page","type-page","status-publish","hentry"],"blocksy_meta":[],"jetpack_sharing_enabled":true,"_links":{"self":[{"href":"https:\/\/hexatcg.fr\/index.php?rest_route=\/wp\/v2\/pages\/26","targetHints":{"allow":["GET"]}}],"collection":[{"href":"https:\/\/hexatcg.fr\/index.php?rest_route=\/wp\/v2\/pages"}],"about":[{"href":"https:\/\/hexatcg.fr\/index.php?rest_route=\/wp\/v2\/types\/page"}],"author":[{"embeddable":true,"href":"https:\/\/hexatcg.fr\/index.php?rest_route=\/wp\/v2\/users\/1"}],"replies":[{"embeddable":true,"href":"https:\/\/hexatcg.fr\/index.php?rest_route=%2Fwp%2Fv2%2Fcomments&post=26"}],"version-history":[{"count":3,"href":"https:\/\/hexatcg.fr\/index.php?rest_route=\/wp\/v2\/pages\/26\/revisions"}],"predecessor-version":[{"id":74,"href":"https:\/\/hexatcg.fr\/index.php?rest_route=\/wp\/v2\/pages\/26\/revisions\/74"}],"wp:attachment":[{"href":"https:\/\/hexatcg.fr\/index.php?rest_route=%2Fwp%2Fv2%2Fmedia&parent=26"}],"curies":[{"name":"wp","href":"https:\/\/api.w.org\/{rel}","templated":true}]}}