{"id":44,"date":"2026-03-07T10:56:37","date_gmt":"2026-03-07T10:56:37","guid":{"rendered":"http:\/\/hexatcg.fr\/?page_id=44"},"modified":"2026-03-09T15:36:37","modified_gmt":"2026-03-09T15:36:37","slug":"contact","status":"publish","type":"page","link":"https:\/\/hexatcg.fr\/?page_id=44","title":{"rendered":"Contact"},"content":{"rendered":"\n<p>Vous avez une question ou besoin d\u2019assistance\u202f? L\u2019\u00e9quipe\u00a0HEXATCG\u00a0est l\u00e0 pour vous r\u00e9pondre rapidement.<\/p>\n\n\n\n<hr class=\"wp-block-separator has-alpha-channel-opacity\"\/>\n\n\n\n<h2 class=\"wp-block-heading\">1. Contact g\u00e9n\u00e9ral<\/h2>\n\n\n\n<p>Pour toute demande d\u2019information sur nos produits ou votre compte\u202f:<\/p>\n\n\n\n<p><strong>Email<\/strong>&nbsp;:&nbsp;<a>contact@hexatcg.fr<\/a><\/p>\n\n\n\n<p>Nous nous effor\u00e7ons de r\u00e9pondre sous\u00a024 \u00e0 48 heures<strong>\u00a0<\/strong>ouvr\u00e9es.<\/p>\n\n\n\n<hr class=\"wp-block-separator has-alpha-channel-opacity\"\/>\n\n\n\n<h2 class=\"wp-block-heading\">2. Contact facturation<\/h2>\n\n\n\n<p>Pour toute question relative aux\u00a0factures, paiements ou commandes\u202f:<\/p>\n\n\n\n<p>Email\u00a0:\u00a0<a>facturation@hexatcg.fr<\/a><\/p>\n\n\n\n<p>Merci de pr\u00e9ciser votre\u00a0num\u00e9ro de commande\u00a0afin d\u2019acc\u00e9l\u00e9rer le traitement.<\/p>\n\n\n\n<hr class=\"wp-block-separator has-alpha-channel-opacity\"\/>\n\n\n\n<h2 class=\"wp-block-heading\">3. Informations \u00e0 fournir pour toute demande<\/h2>\n\n\n\n<p>Afin de traiter votre demande efficacement, merci de toujours fournir\u202f:<\/p>\n\n\n\n<ul class=\"wp-block-list\">\n<li>Nom et pr\u00e9nom<\/li>\n\n\n\n<li>Adresse email utilis\u00e9e lors de la commande<\/li>\n\n\n\n<li>Num\u00e9ro de commande (si applicable)<\/li>\n\n\n\n<li>Objet de la demande<\/li>\n\n\n\n<li>Description d\u00e9taill\u00e9e du probl\u00e8me ou de la question<\/li>\n<\/ul>\n\n\n\n<hr class=\"wp-block-separator has-alpha-channel-opacity\"\/>\n\n\n\n<h2 class=\"wp-block-heading\">4. Informations suppl\u00e9mentaires<\/h2>\n\n\n\n<ul class=\"wp-block-list\">\n<li>Notre \u00e9quipe r\u00e9pondra \u00e0 vos demandes\u00a0dans les meilleurs d\u00e9lais.<\/li>\n\n\n\n<li>Pour toute demande urgente concernant une commande en cours, merci de\u00a0pr\u00e9ciser le num\u00e9ro de commande\u00a0dans votre message.<\/li>\n\n\n\n<li>Vos donn\u00e9es sont utilis\u00e9es uniquement pour r\u00e9pondre \u00e0 vos demandes, conform\u00e9ment \u00e0 notre\u00a0Politique de confidentialit\u00e9.<\/li>\n<\/ul>\n\n\n\n<p><\/p>\n","protected":false},"excerpt":{"rendered":"<p>Vous avez une question ou besoin d\u2019assistance\u202f? L\u2019\u00e9quipe\u00a0HEXATCG\u00a0est l\u00e0 pour vous r\u00e9pondre rapidement. 1. Contact g\u00e9n\u00e9ral Pour toute demande d\u2019information sur nos produits ou votre compte\u202f: Email&nbsp;:&nbsp;contact@hexatcg.fr Nous nous effor\u00e7ons de r\u00e9pondre sous\u00a024 \u00e0 48 heures\u00a0ouvr\u00e9es. 2. Contact facturation Pour toute question relative aux\u00a0factures, paiements ou commandes\u202f: Email\u00a0:\u00a0facturation@hexatcg.fr Merci de pr\u00e9ciser votre\u00a0num\u00e9ro de commande\u00a0afin d\u2019acc\u00e9l\u00e9rer [&hellip;]<\/p>\n","protected":false},"author":1,"featured_media":0,"parent":0,"menu_order":0,"comment_status":"closed","ping_status":"closed","template":"","meta":{"footnotes":""},"class_list":["post-44","page","type-page","status-publish","hentry"],"blocksy_meta":[],"jetpack_sharing_enabled":true,"_links":{"self":[{"href":"https:\/\/hexatcg.fr\/index.php?rest_route=\/wp\/v2\/pages\/44","targetHints":{"allow":["GET"]}}],"collection":[{"href":"https:\/\/hexatcg.fr\/index.php?rest_route=\/wp\/v2\/pages"}],"about":[{"href":"https:\/\/hexatcg.fr\/index.php?rest_route=\/wp\/v2\/types\/page"}],"author":[{"embeddable":true,"href":"https:\/\/hexatcg.fr\/index.php?rest_route=\/wp\/v2\/users\/1"}],"replies":[{"embeddable":true,"href":"https:\/\/hexatcg.fr\/index.php?rest_route=%2Fwp%2Fv2%2Fcomments&post=44"}],"version-history":[{"count":2,"href":"https:\/\/hexatcg.fr\/index.php?rest_route=\/wp\/v2\/pages\/44\/revisions"}],"predecessor-version":[{"id":101,"href":"https:\/\/hexatcg.fr\/index.php?rest_route=\/wp\/v2\/pages\/44\/revisions\/101"}],"wp:attachment":[{"href":"https:\/\/hexatcg.fr\/index.php?rest_route=%2Fwp%2Fv2%2Fmedia&parent=44"}],"curies":[{"name":"wp","href":"https:\/\/api.w.org\/{rel}","templated":true}]}}